{"id":109,"date":"2021-11-25T10:25:50","date_gmt":"2021-11-25T10:25:50","guid":{"rendered":"https:\/\/bibliotekaostroda.pl\/?page_id=109"},"modified":"2022-01-13T12:44:35","modified_gmt":"2022-01-13T12:44:35","slug":"katalog","status":"publish","type":"page","link":"https:\/\/bibliotekaostroda.pl\/index.php\/katalog\/","title":{"rendered":"Katalog"},"content":{"rendered":"<p><a href=\"https:\/\/xn--szukamksiki-4kb16m.pl\/SkNewWeb\/astart\/1239\" target=\"_blank\" rel=\"noopener\"><img loading=\"lazy\" decoding=\"async\" class=\"wp-image-14316  aligncenter\" src=\"https:\/\/bibliotekaostroda.pl\/wp-content\/uploads\/2021\/12\/katalog_web-300x300.jpg\" alt=\"\" width=\"211\" height=\"211\" \/><\/a><\/p>\n<p style=\"text-align: center;\"><span style=\"font-size: 20px;\">Katalog online biblioteki (OPAC) &#8211; dost\u0119p dla czytelnika &#8211; rezerwacja ksi\u0105\u017cek<\/span><\/p>\n<p style=\"text-align: center;\">klinkij powy\u017csz\u0105 ikon\u0119<\/p>\n","protected":false},"excerpt":{"rendered":"<p>Katalog online biblioteki (OPAC) &#8211; dost\u0119p dla czytelnika &#8211; rezerwacja ksi\u0105\u017cek klinkij powy\u017csz\u0105 ikon\u0119<\/p>\n","protected":false},"author":1,"featured_media":0,"parent":0,"menu_order":0,"comment_status":"closed","ping_status":"closed","template":"","meta":{"footnotes":""},"class_list":["post-109","page","type-page","status-publish","hentry"],"_links":{"self":[{"href":"https:\/\/bibliotekaostroda.pl\/index.php\/wp-json\/wp\/v2\/pages\/109","targetHints":{"allow":["GET"]}}],"collection":[{"href":"https:\/\/bibliotekaostroda.pl\/index.php\/wp-json\/wp\/v2\/pages"}],"about":[{"href":"https:\/\/bibliotekaostroda.pl\/index.php\/wp-json\/wp\/v2\/types\/page"}],"author":[{"embeddable":true,"href":"https:\/\/bibliotekaostroda.pl\/index.php\/wp-json\/wp\/v2\/users\/1"}],"replies":[{"embeddable":true,"href":"https:\/\/bibliotekaostroda.pl\/index.php\/wp-json\/wp\/v2\/comments?post=109"}],"version-history":[{"count":7,"href":"https:\/\/bibliotekaostroda.pl\/index.php\/wp-json\/wp\/v2\/pages\/109\/revisions"}],"predecessor-version":[{"id":3178,"href":"https:\/\/bibliotekaostroda.pl\/index.php\/wp-json\/wp\/v2\/pages\/109\/revisions\/3178"}],"wp:attachment":[{"href":"https:\/\/bibliotekaostroda.pl\/index.php\/wp-json\/wp\/v2\/media?parent=109"}],"curies":[{"name":"wp","href":"https:\/\/api.w.org\/{rel}","templated":true}]}}